{"id":9,"date":"2020-09-30T10:59:19","date_gmt":"2020-09-30T10:59:19","guid":{"rendered":"https:\/\/vivamodel.com\/?page_id=9"},"modified":"2023-09-06T09:17:24","modified_gmt":"2023-09-06T09:17:24","slug":"suvimodel-home","status":"publish","type":"page","link":"https:\/\/suvimodel.com\/","title":{"rendered":"Suvimodel Home"},"content":{"rendered":"<p>[et_pb_section fb_built=&#8221;1&#8243; admin_label=&#8221;About Coffee&#8221; _builder_version=&#8221;4.22.1&#8243; background_color=&#8221;#1d2528&#8243; background_image=&#8221;https:\/\/suvimodel.com\/wp-content\/uploads\/2020\/09\/vm_parallax_3.jpg&#8221; custom_padding=&#8221;1.8%|0px|1.4%|0px||&#8221; locked=&#8221;off&#8221; global_colors_info=&#8221;{}&#8221;][et_pb_row _builder_version=&#8221;4.16&#8243; _module_preset=&#8221;default&#8221; global_colors_info=&#8221;{}&#8221;][et_pb_column type=&#8221;4_4&#8243; _builder_version=&#8221;4.16&#8243; _module_preset=&#8221;default&#8221; global_colors_info=&#8221;{}&#8221;][et_pb_slider show_arrows=&#8221;off&#8221; show_pagination=&#8221;off&#8221; _builder_version=&#8221;4.22.1&#8243; _module_preset=&#8221;default&#8221; header_font=&#8221;Big Shoulders Display||||||||&#8221; header_text_align=&#8221;center&#8221; header_text_color=&#8221;#ffffff&#8221; header_font_size=&#8221;58px&#8221; header_letter_spacing=&#8221;8px&#8221; body_text_color=&#8221;#ffffff&#8221; body_font_size=&#8221;91px&#8221; background_color=&#8221;rgba(0,0,0,0)&#8221; use_background_color_gradient=&#8221;on&#8221; background_color_gradient_stops=&#8221;rgba(0,0,0,0) 0%|rgba(0,0,0,0) 100%&#8221; background_color_gradient_start=&#8221;rgba(0,0,0,0)&#8221; background_color_gradient_end=&#8221;rgba(0,0,0,0)&#8221; background_image=&#8221;https:\/\/suvimodel.com\/wp-content\/uploads\/2020\/10\/section-bg-4.jpg&#8221; auto=&#8221;on&#8221; auto_speed=&#8221;5000&#8243; hover_transition_duration=&#8221;5000ms&#8221; hover_transition_delay=&#8221;300ms&#8221; header_font_tablet=&#8221;&#8221; header_font_phone=&#8221;&#8221; header_font_last_edited=&#8221;on|desktop&#8221; custom_css_slide_description=&#8221;animation-name: none;&#8221; global_colors_info=&#8221;{}&#8221;][et_pb_slide heading=&#8221;Suvimodel&#8221; _builder_version=&#8221;4.20.2&#8243; _module_preset=&#8221;default&#8221; header_level=&#8221;h2&#8243; header_font=&#8221;Big Shoulders Display||||||||&#8221; header_font_size=&#8221;55px&#8221; body_text_color=&#8221;#ffffff&#8221; body_font_size=&#8221;30px&#8221; z_index=&#8221;0&#8243; header_font_size_tablet=&#8221;&#8221; header_font_size_phone=&#8221;40px&#8221; header_font_size_last_edited=&#8221;on|phone&#8221; body_font_size_tablet=&#8221;&#8221; body_font_size_phone=&#8221;20px&#8221; body_font_size_last_edited=&#8221;on|phone&#8221; global_colors_info=&#8221;{}&#8221; sticky_transition=&#8221;on&#8221;]<\/p>\n<p>Libertines annonces<\/p>\n<p>[\/et_pb_slide][et_pb_slide heading=&#8221;Suvimodel&#8221; _builder_version=&#8221;4.20.2&#8243; _module_preset=&#8221;default&#8221; header_level=&#8221;h2&#8243; header_font=&#8221;Big Shoulders Display||||||||&#8221; header_font_size=&#8221;55px&#8221; body_text_color=&#8221;#ffffff&#8221; body_font_size=&#8221;30px&#8221; z_index=&#8221;0&#8243; header_font_size_tablet=&#8221;&#8221; header_font_size_phone=&#8221;40px&#8221; header_font_size_last_edited=&#8221;on|phone&#8221; body_font_size_tablet=&#8221;&#8221; body_font_size_phone=&#8221;20px&#8221; body_font_size_last_edited=&#8221;on|phone&#8221; global_colors_info=&#8221;{}&#8221; sticky_transition=&#8221;on&#8221;]<\/p>\n<p>Escort annonces<\/p>\n<p>[\/et_pb_slide][\/et_pb_slider][\/et_pb_column][\/et_pb_row][\/et_pb_section][et_pb_section fb_built=&#8221;1&#8243; admin_label=&#8221;Coffee Menu&#8221; _builder_version=&#8221;4.22.1&#8243; custom_padding=&#8221;10px||10px||true|false&#8221; global_colors_info=&#8221;{}&#8221; title_text=&#8221;marble-2371776_1920&#8243; background_image=&#8221;https:\/\/suvimodel.com\/wp-content\/uploads\/2020\/10\/marble-2371776_1920.jpg&#8221; parallax=&#8221;on&#8221; background_color=&#8221;RGBA(255,255,255,0)&#8221; hover_enabled=&#8221;0&#8243; sticky_enabled=&#8221;0&#8243;][et_pb_row column_structure=&#8221;1_3,1_3,1_3&#8243; admin_label=&#8221;Coffee items&#8221; _builder_version=&#8221;4.17.6&#8243; custom_margin=&#8221;|||&#8221; custom_padding=&#8221;60px|0px|60px|0px&#8221; animation_style=&#8221;fade&#8221; global_colors_info=&#8221;{}&#8221;][et_pb_column type=&#8221;1_3&#8243; _builder_version=&#8221;4.16&#8243; custom_padding=&#8221;|||&#8221; global_colors_info=&#8221;{}&#8221; custom_padding__hover=&#8221;|||&#8221;][et_pb_blurb title=&#8221;SUVIMODEL France&#8221; url=&#8221;https:\/\/suvimodel.fr&#8221; image=&#8221;https:\/\/suvimodel.com\/wp-content\/uploads\/2020\/10\/france.png&#8221; image_icon_width=&#8221;280px&#8221; admin_label=&#8221;coffee Item&#8221; _builder_version=&#8221;4.22.1&#8243; header_font=&#8221;Oswald|||on|&#8221; header_text_align=&#8221;center&#8221; header_font_size=&#8221;20px&#8221; header_letter_spacing=&#8221;1px&#8221; header_line_height=&#8221;1.7em&#8221; body_font=&#8221;Nunito||||&#8221; body_text_align=&#8221;center&#8221; body_font_size=&#8221;18px&#8221; body_line_height=&#8221;1.8em&#8221; text_orientation=&#8221;center&#8221; animation=&#8221;right&#8221; link_option_url=&#8221;https:\/\/suvimodel.fr&#8221; image_max_width=&#8221;280px&#8221; global_colors_info=&#8221;{}&#8221;]<\/p>\n<p><span class=\"st\"><span>Escort en FRANCE.<\/span><\/span><\/p>\n<p>[\/et_pb_blurb][\/et_pb_column][et_pb_column type=&#8221;1_3&#8243; _builder_version=&#8221;4.16&#8243; custom_padding=&#8221;|||&#8221; global_colors_info=&#8221;{}&#8221; custom_padding__hover=&#8221;|||&#8221;][et_pb_blurb title=&#8221;SUVIMODEL Luxembourg&#8221; url=&#8221;https:\/\/suvimodel.lu&#8221; image=&#8221;https:\/\/suvimodel.com\/wp-content\/uploads\/2020\/10\/luxembourg.png&#8221; image_icon_width=&#8221;280px&#8221; admin_label=&#8221;coffee Item&#8221; _builder_version=&#8221;4.22.1&#8243; header_font=&#8221;Oswald|||on|&#8221; header_text_align=&#8221;center&#8221; header_font_size=&#8221;20px&#8221; header_letter_spacing=&#8221;1px&#8221; header_line_height=&#8221;1.7em&#8221; body_font=&#8221;Nunito||||&#8221; body_text_align=&#8221;center&#8221; body_font_size=&#8221;18px&#8221; body_line_height=&#8221;1.8em&#8221; text_orientation=&#8221;center&#8221; animation=&#8221;left&#8221; link_option_url=&#8221;https:\/\/suvimodel.lu&#8221; image_max_width=&#8221;280px&#8221; global_colors_info=&#8221;{}&#8221;]<\/p>\n<p><span class=\"st\"><span>Escort en LUXEMBOURG.<\/span><\/span><\/p>\n<p>[\/et_pb_blurb][\/et_pb_column][et_pb_column type=&#8221;1_3&#8243; _builder_version=&#8221;4.17.6&#8243; _module_preset=&#8221;default&#8221; global_colors_info=&#8221;{}&#8221;][et_pb_blurb title=&#8221;SUVIMODEL BELGIQUE&#8221; url=&#8221;https:\/\/suvimodel.be&#8221; image=&#8221;https:\/\/suvimodel.com\/wp-content\/uploads\/2020\/10\/belgica.png&#8221; image_icon_width=&#8221;280px&#8221; admin_label=&#8221;coffee Item&#8221; _builder_version=&#8221;4.19.5&#8243; header_font=&#8221;Oswald|||on|&#8221; header_text_align=&#8221;center&#8221; header_font_size=&#8221;20px&#8221; header_letter_spacing=&#8221;1px&#8221; header_line_height=&#8221;1.7em&#8221; body_font=&#8221;Nunito||||&#8221; body_text_align=&#8221;center&#8221; body_font_size=&#8221;18px&#8221; body_line_height=&#8221;1.8em&#8221; text_orientation=&#8221;center&#8221; animation=&#8221;left&#8221; link_option_url=&#8221;https:\/\/suvimodel.be&#8221; image_max_width=&#8221;280px&#8221; global_colors_info=&#8221;{}&#8221;]<\/p>\n<p><span class=\"tlid-translation translation\" lang=\"es\"><span title=\"\" class=\"\">Escort en BELGIQUE<\/span><span title=\"\" class=\"\"><span class=\"st\"><\/span><\/span><\/span><\/p>\n<p><span class=\"tlid-translation translation\" lang=\"es\"><span title=\"\" class=\"\"><\/span><\/span><\/p>\n<p>[\/et_pb_blurb][\/et_pb_column][\/et_pb_row][\/et_pb_section][et_pb_section fb_built=&#8221;1&#8243; admin_label=&#8221;About Coffee&#8221; _builder_version=&#8221;4.16&#8243; background_color=&#8221;#1d2528&#8243; background_image=&#8221;https:\/\/vivamodel.com\/wp-content\/uploads\/2020\/09\/vm_parallax_3.jpg&#8221; custom_padding=&#8221;2.5%|0px|2.5%|0px||&#8221; locked=&#8221;off&#8221; global_colors_info=&#8221;{}&#8221;][et_pb_row _builder_version=&#8221;4.16&#8243; _module_preset=&#8221;default&#8221; global_colors_info=&#8221;{}&#8221;][et_pb_column type=&#8221;4_4&#8243; _builder_version=&#8221;4.16&#8243; _module_preset=&#8221;default&#8221; global_colors_info=&#8221;{}&#8221;][et_pb_divider color=&#8221;#e09900&#8243; divider_style=&#8221;groove&#8221; _builder_version=&#8221;4.16&#8243; _module_preset=&#8221;default&#8221; global_colors_info=&#8221;{}&#8221;][\/et_pb_divider][\/et_pb_column][\/et_pb_row][et_pb_row _builder_version=&#8221;4.16&#8243; _module_preset=&#8221;default&#8221; global_colors_info=&#8221;{}&#8221;][et_pb_column type=&#8221;4_4&#8243; _builder_version=&#8221;4.16&#8243; _module_preset=&#8221;default&#8221; global_colors_info=&#8221;{}&#8221;][et_pb_text _builder_version=&#8221;4.19.0&#8243; _module_preset=&#8221;default&#8221; global_colors_info=&#8221;{}&#8221;]<\/p>\n<p style=\"text-align: justify;\"><span lang=\"fr\"><span title=\"\">Suvimodel est compos\u00e9 de divers sites d&#8217;information et de publicit\u00e9 et n&#8217;a aucun lien ou lien vers aucun site ou individu mentionn\u00e9 sur eux.<\/span> <span title=\"\">Nous ne sommes qu&#8217;un espace publicitaire, nous ne sommes pas une agence d&#8217;escorte, m\u00eame pas dans le domaine des escortes ou de la prostitution.<\/span><\/span><\/p>\n<p style=\"text-align: justify;\"><span title=\"\">Nous n&#8217;assumons aucune responsabilit\u00e9 pour le contenu ou les actions des annonceurs Suvimodel.<\/span> <span title=\"\">Nous faisons de notre mieux pour contr\u00f4ler l&#8217;\u00e2ge l\u00e9gal (18 ans) des personnes qui souhaitent publier une annonce, mais nous ne sommes pas responsables si les photos publi\u00e9es ne sont pas r\u00e9elles ou si les services propos\u00e9s dans les annonces ne correspondent pas \u00e0 la r\u00e9alit\u00e9.<\/span><\/p>\n<p>[\/et_pb_text][\/et_pb_column][\/et_pb_row][et_pb_row _builder_version=&#8221;4.16&#8243; _module_preset=&#8221;default&#8221; global_colors_info=&#8221;{}&#8221;][et_pb_column type=&#8221;4_4&#8243; _builder_version=&#8221;4.16&#8243; _module_preset=&#8221;default&#8221; global_colors_info=&#8221;{}&#8221;][et_pb_divider color=&#8221;#e09900&#8243; divider_style=&#8221;groove&#8221; _builder_version=&#8221;4.16&#8243; _module_preset=&#8221;default&#8221; global_colors_info=&#8221;{}&#8221;][\/et_pb_divider][\/et_pb_column][\/et_pb_row][et_pb_row _builder_version=&#8221;4.16&#8243; _module_preset=&#8221;default&#8221; global_colors_info=&#8221;{}&#8221;][et_pb_column type=&#8221;4_4&#8243; _builder_version=&#8221;4.16&#8243; _module_preset=&#8221;default&#8221; global_colors_info=&#8221;{}&#8221;][et_pb_text _builder_version=&#8221;4.19.0&#8243; _module_preset=&#8221;default&#8221; global_colors_info=&#8221;{}&#8221;]<\/p>\n<p style=\"text-align: justify;\"><span class=\"tlid-translation translation\" lang=\"es\"><span title=\"\" class=\"\">Suvimodel est\u00e1 compuesto de varios sitios de informaci\u00f3n y publicidad y no tiene conexi\u00f3n ni enlace con ning\u00fan sitio o individuo mencionado en ellos.<\/span><\/span><span class=\"tlid-translation translation\" lang=\"es\"><\/span><span class=\"tlid-translation translation\" lang=\"es\"> <span title=\"\" class=\"\">Somos solo un espacio publicitario, no somos una agencia de escorts, ni siquiera en el negocio de las escorts o la prostituci\u00f3n.<\/span><\/span><span class=\"tlid-translation translation\" lang=\"es\"><br \/><\/span><\/p>\n<p style=\"text-align: justify;\"><span class=\"tlid-translation translation\" lang=\"es\"><span title=\"\" class=\"\">No asumimos ninguna responsabilidad por el contenido o las acciones de los anunciantes de Suvimodel.<\/span> <span title=\"\" class=\"\"><\/span><\/span><span class=\"tlid-translation translation\" lang=\"es\"><span title=\"\" class=\"\">Hacemos todo lo posible para controlar la edad legal (18 a\u00f1os) de las personas que desean publicar un anuncio, pero no nos hacemos responsables si las fotos publicadas no son reales o si los servicios ofrecidos en los anuncios <\/span><span title=\"\" class=\"\">no corresponden a la realidad.<\/span><\/span><\/p>\n<p>[\/et_pb_text][\/et_pb_column][\/et_pb_row][et_pb_row _builder_version=&#8221;4.16&#8243; _module_preset=&#8221;default&#8221; global_colors_info=&#8221;{}&#8221;][et_pb_column type=&#8221;4_4&#8243; _builder_version=&#8221;4.16&#8243; _module_preset=&#8221;default&#8221; global_colors_info=&#8221;{}&#8221;][et_pb_divider color=&#8221;#e09900&#8243; divider_style=&#8221;groove&#8221; _builder_version=&#8221;4.16&#8243; _module_preset=&#8221;default&#8221; global_colors_info=&#8221;{}&#8221;][\/et_pb_divider][\/et_pb_column][\/et_pb_row][et_pb_row column_structure=&#8221;1_3,1_3,1_3&#8243; custom_padding_last_edited=&#8221;on|desktop&#8221; admin_label=&#8221;Coffee Info&#8221; _builder_version=&#8221;4.18.0&#8243; custom_margin=&#8221;|||&#8221; custom_padding=&#8221;||||false|false&#8221; custom_padding_tablet=&#8221;|0px||&#8221; custom_padding_phone=&#8221;|0px||&#8221; custom_width_px=&#8221;1280px&#8221; saved_tabs=&#8221;all&#8221; global_colors_info=&#8221;{}&#8221;][et_pb_column type=&#8221;1_3&#8243; _builder_version=&#8221;4.16&#8243; custom_padding=&#8221;|||&#8221; global_colors_info=&#8221;{}&#8221; custom_padding__hover=&#8221;|||&#8221;][et_pb_blurb title=&#8221;FRANCE&#8221; url=&#8221;https:\/\/suvimodel.fr&#8221; image=&#8221;https:\/\/suvimodel.com\/wp-content\/uploads\/2020\/09\/france_75x75.png&#8221; alt=&#8221;Coffee Bean&#8221; _builder_version=&#8221;4.22.1&#8243; header_font=&#8221;Oswald|||on|&#8221; header_text_align=&#8221;center&#8221; header_text_color=&#8221;#dca47d&#8221; header_font_size=&#8221;16px&#8221; header_letter_spacing=&#8221;2px&#8221; header_line_height=&#8221;1.7em&#8221; custom_margin=&#8221;0px|0px|0px|0px&#8221; custom_padding=&#8221;0px|0px|0px|0px&#8221; animation_style=&#8221;fade&#8221; animation=&#8221;off&#8221; link_option_url=&#8221;https:\/\/suvimodel.fr&#8221; global_colors_info=&#8221;{}&#8221;][\/et_pb_blurb][\/et_pb_column][et_pb_column type=&#8221;1_3&#8243; _builder_version=&#8221;4.18.0&#8243; _module_preset=&#8221;default&#8221; global_colors_info=&#8221;{}&#8221;][et_pb_blurb title=&#8221;LUXEMBOURG&#8221; url=&#8221;https:\/\/suvimodel.lu&#8221; image=&#8221;https:\/\/suvimodel.com\/wp-content\/uploads\/2020\/09\/luxembourg_75x75.png&#8221; alt=&#8221;Coffee Bean&#8221; _builder_version=&#8221;4.22.1&#8243; header_font=&#8221;Oswald|||on|&#8221; header_text_align=&#8221;center&#8221; header_text_color=&#8221;#dca47d&#8221; header_font_size=&#8221;16px&#8221; header_letter_spacing=&#8221;2px&#8221; header_line_height=&#8221;1.7em&#8221; custom_margin=&#8221;0px|0px|0px|0px&#8221; custom_padding=&#8221;0px|0px|0px|0px&#8221; animation_style=&#8221;fade&#8221; animation_delay=&#8221;200ms&#8221; animation=&#8221;off&#8221; link_option_url=&#8221;https:\/\/suvimodel.lu&#8221; global_colors_info=&#8221;{}&#8221;][\/et_pb_blurb][\/et_pb_column][et_pb_column type=&#8221;1_3&#8243; _builder_version=&#8221;4.16&#8243; custom_padding=&#8221;|||&#8221; global_colors_info=&#8221;{}&#8221; custom_padding__hover=&#8221;|||&#8221;][et_pb_blurb title=&#8221;Belgique&#8221; url=&#8221;https:\/\/suvimodel.be&#8221; image=&#8221;https:\/\/suvimodel.com\/wp-content\/uploads\/2020\/09\/belgium_75x75.png&#8221; alt=&#8221;Coffee Bean&#8221; _builder_version=&#8221;4.19.1&#8243; header_font=&#8221;Oswald|||on|&#8221; header_text_align=&#8221;center&#8221; header_text_color=&#8221;#dca47d&#8221; header_font_size=&#8221;16px&#8221; header_letter_spacing=&#8221;2px&#8221; header_line_height=&#8221;1.7em&#8221; custom_margin=&#8221;0px|0px|0px|0px&#8221; custom_padding=&#8221;0px|0px|0px|0px&#8221; animation_style=&#8221;fade&#8221; animation_delay=&#8221;200ms&#8221; animation=&#8221;off&#8221; link_option_url=&#8221;https:\/\/suvimodel.be&#8221; global_colors_info=&#8221;{}&#8221;][\/et_pb_blurb][\/et_pb_column][\/et_pb_row][\/et_pb_section]<\/p>\n","protected":false},"excerpt":{"rendered":"<p>Libertines annoncesEscort annoncesEscort en FRANCE.Escort en LUXEMBOURG.Escort en BELGIQUE Suvimodel est compos\u00e9 de divers sites d&#8217;information et de publicit\u00e9 et n&#8217;a aucun lien ou lien vers aucun site ou individu mentionn\u00e9 sur eux. Nous ne sommes qu&#8217;un espace publicitaire, nous ne sommes pas une agence d&#8217;escorte, m\u00eame pas dans le domaine des escortes ou de [&hellip;]<\/p>\n","protected":false},"author":1,"featured_media":0,"parent":0,"menu_order":0,"comment_status":"closed","ping_status":"closed","template":"","meta":{"_et_pb_use_builder":"on","_et_pb_old_content":"","_et_gb_content_width":"","footnotes":""},"_links":{"self":[{"href":"https:\/\/suvimodel.com\/index.php\/wp-json\/wp\/v2\/pages\/9"}],"collection":[{"href":"https:\/\/suvimodel.com\/index.php\/wp-json\/wp\/v2\/pages"}],"about":[{"href":"https:\/\/suvimodel.com\/index.php\/wp-json\/wp\/v2\/types\/page"}],"author":[{"embeddable":true,"href":"https:\/\/suvimodel.com\/index.php\/wp-json\/wp\/v2\/users\/1"}],"replies":[{"embeddable":true,"href":"https:\/\/suvimodel.com\/index.php\/wp-json\/wp\/v2\/comments?post=9"}],"version-history":[{"count":64,"href":"https:\/\/suvimodel.com\/index.php\/wp-json\/wp\/v2\/pages\/9\/revisions"}],"predecessor-version":[{"id":193,"href":"https:\/\/suvimodel.com\/index.php\/wp-json\/wp\/v2\/pages\/9\/revisions\/193"}],"wp:attachment":[{"href":"https:\/\/suvimodel.com\/index.php\/wp-json\/wp\/v2\/media?parent=9"}],"curies":[{"name":"wp","href":"https:\/\/api.w.org\/{rel}","templated":true}]}}